{"id":15767,"date":"2021-06-22T11:36:13","date_gmt":"2021-06-22T11:36:13","guid":{"rendered":"https:\/\/www.asalinea.com\/azienda\/"},"modified":"2021-12-15T12:20:36","modified_gmt":"2021-12-15T11:20:36","slug":"empresa","status":"publish","type":"page","link":"https:\/\/www.asalinea.com\/es\/empresa\/","title":{"rendered":"La Empresa"},"content":{"rendered":"<p><div class=\"fusion-fullwidth fullwidth-box fusion-builder-row-1 fusion-flex-container nonhundred-percent-fullwidth non-hundred-percent-height-scrolling\" style=\"--awb-border-radius-top-left:0px;--awb-border-radius-top-right:0px;--awb-border-radius-bottom-right:0px;--awb-border-radius-bottom-left:0px;--awb-margin-bottom:60px;--awb-flex-wrap:wrap;\" ><div class=\"fusion-builder-row fusion-row fusion-flex-align-items-center fusion-flex-content-wrap\" style=\"max-width:1248px;margin-left: calc(-4% \/ 2 );margin-right: calc(-4% \/ 2 );\"><div class=\"fusion-layout-column fusion_builder_column fusion-builder-column-0 fusion_builder_column_1_2 1_2 fusion-flex-column\" style=\"--awb-bg-size:cover;--awb-width-large:50%;--awb-margin-top-large:0px;--awb-spacing-right-large:3.84%;--awb-margin-bottom-large:20px;--awb-spacing-left-large:3.84%;--awb-width-medium:50%;--awb-order-medium:0;--awb-spacing-right-medium:3.84%;--awb-spacing-left-medium:3.84%;--awb-width-small:100%;--awb-order-small:0;--awb-spacing-right-small:1.92%;--awb-spacing-left-small:1.92%;\"><div class=\"fusion-column-wrapper fusion-column-has-shadow fusion-flex-justify-content-flex-start fusion-content-layout-column\"><div class=\"fusion-image-element \" style=\"text-align:center;--awb-caption-title-font-family:var(--h2_typography-font-family);--awb-caption-title-font-weight:var(--h2_typography-font-weight);--awb-caption-title-font-style:var(--h2_typography-font-style);--awb-caption-title-size:var(--h2_typography-font-size);--awb-caption-title-transform:var(--h2_typography-text-transform);--awb-caption-title-line-height:var(--h2_typography-line-height);--awb-caption-title-letter-spacing:var(--h2_typography-letter-spacing);\"><span class=\" fusion-imageframe imageframe-none imageframe-1 hover-type-none\"><img decoding=\"async\" width=\"871\" height=\"541\" src=\"https:\/\/www.asalinea.com\/wp-content\/uploads\/2021\/07\/arte-innovazione.jpg\" alt class=\"img-responsive wp-image-15770\" srcset=\"https:\/\/www.asalinea.com\/wp-content\/uploads\/2021\/07\/arte-innovazione-200x124.jpg 200w, https:\/\/www.asalinea.com\/wp-content\/uploads\/2021\/07\/arte-innovazione-400x248.jpg 400w, https:\/\/www.asalinea.com\/wp-content\/uploads\/2021\/07\/arte-innovazione-600x373.jpg 600w, https:\/\/www.asalinea.com\/wp-content\/uploads\/2021\/07\/arte-innovazione-800x497.jpg 800w, https:\/\/www.asalinea.com\/wp-content\/uploads\/2021\/07\/arte-innovazione.jpg 871w\" sizes=\"(max-width: 640px) 100vw, 600px\" \/><\/span><\/div><\/div><\/div><div class=\"fusion-layout-column fusion_builder_column fusion-builder-column-1 fusion_builder_column_1_2 1_2 fusion-flex-column\" style=\"--awb-bg-size:cover;--awb-width-large:50%;--awb-margin-top-large:0px;--awb-spacing-right-large:3.84%;--awb-margin-bottom-large:20px;--awb-spacing-left-large:3.84%;--awb-width-medium:50%;--awb-order-medium:0;--awb-spacing-right-medium:3.84%;--awb-spacing-left-medium:3.84%;--awb-width-small:100%;--awb-order-small:0;--awb-spacing-right-small:1.92%;--awb-spacing-left-small:1.92%;\"><div class=\"fusion-column-wrapper fusion-column-has-shadow fusion-flex-justify-content-flex-start fusion-content-layout-column\"><div class=\"fusion-title title fusion-title-1 fusion-sep-none fusion-title-text fusion-title-size-three\" style=\"--awb-text-color:#000000;--awb-margin-top:30px;--awb-margin-bottom:30px;--awb-font-size:32px;\"><h3 class=\"fusion-title-heading title-heading-left fusion-responsive-typography-calculated\" style=\"margin:0;font-size:1em;--fontSize:32;line-height:1.3;\">Originalidad, cuidado de los acabados y personalizaci\u00f3n<\/h3><\/div><div class=\"fusion-text fusion-text-1 fusion-text-no-margin\" style=\"--awb-content-alignment:left;--awb-margin-bottom:30px;\"><p>En su amplia gama de art\u00edculos religiosos, <strong>ASA Linea crea objetos originales, con una atenci\u00f3n meticulosa a cada uno de los detalles.<\/strong><\/p>\n<\/div><div class=\"fusion-text fusion-text-2 fusion-text-no-margin\" style=\"--awb-content-alignment:left;--awb-margin-bottom:30px;\"><p>Adem\u00e1s de los art\u00edculos del cat\u00e1logo, tambi\u00e9n podemos crear objetos personalizados a partir de una idea, un boceto o un dibujo de nuestros clientes. De esta forma se podr\u00e1 disfrutar de art\u00edculos exclusivos bajo pedido, con posibilidad de elegir los materiales, como plata 925 o metal com\u00fan con la t\u00e9cnica de fundici\u00f3n a presi\u00f3n.<\/p>\n<\/div><\/div><\/div><div class=\"fusion-layout-column fusion_builder_column fusion-builder-column-2 fusion_builder_column_1_1 1_1 fusion-flex-column\" style=\"--awb-bg-size:cover;--awb-width-large:100%;--awb-margin-top-large:0px;--awb-spacing-right-large:1.92%;--awb-margin-bottom-large:20px;--awb-spacing-left-large:1.92%;--awb-width-medium:100%;--awb-order-medium:0;--awb-spacing-right-medium:1.92%;--awb-spacing-left-medium:1.92%;--awb-width-small:100%;--awb-order-small:0;--awb-spacing-right-small:1.92%;--awb-spacing-left-small:1.92%;\"><div class=\"fusion-column-wrapper fusion-column-has-shadow fusion-flex-justify-content-flex-start fusion-content-layout-column\"><div class=\"fusion-title title fusion-title-2 fusion-sep-none fusion-title-center fusion-title-text fusion-title-size-three\" style=\"--awb-text-color:#000000;--awb-margin-top:30px;--awb-margin-bottom:30px;--awb-font-size:32px;\"><h3 class=\"fusion-title-heading title-heading-center fusion-responsive-typography-calculated\" style=\"margin:0;font-size:1em;--fontSize:32;line-height:1.3;\">Desde 1973 combina artesan\u00eda e innovaci\u00f3n para crear art\u00edculos de culto originales cuidados en los m\u00e1s m\u00ednimos detalles<\/h3><\/div><div class=\"fusion-text fusion-text-3 fusion-text-no-margin\" style=\"--awb-content-alignment:left;--awb-margin-bottom:30px;\"><p style=\"text-align: center;\">En m\u00e1s de 40 a\u00f1os de historia, la empresa ha sabido crear objetos de plata exclusivos, con una preciada elaboraci\u00f3n, apreciados por la precisi\u00f3n del proceso de creaci\u00f3n y la calidad de los materiales utilizados, ninguno importado sino totalmente fabricados en Italia, renovando continuamente su oferta comercial.<br \/>\nDesde el dise\u00f1o del modelo hasta la creaci\u00f3n del molde, pasando por las distintas fases del proceso de elaboraci\u00f3n, todo se realiza y se comprueba internamente, para garantizar la calidad y el prestigio absoluto del producto acabado.<\/p>\n<\/div><\/div><\/div><div class=\"fusion-layout-column fusion_builder_column fusion-builder-column-3 fusion_builder_column_1_1 1_1 fusion-flex-column\" style=\"--awb-bg-size:cover;--awb-width-large:100%;--awb-margin-top-large:0px;--awb-spacing-right-large:1.92%;--awb-margin-bottom-large:20px;--awb-spacing-left-large:1.92%;--awb-width-medium:100%;--awb-order-medium:0;--awb-spacing-right-medium:1.92%;--awb-spacing-left-medium:1.92%;--awb-width-small:100%;--awb-order-small:0;--awb-spacing-right-small:1.92%;--awb-spacing-left-small:1.92%;\"><div class=\"fusion-column-wrapper fusion-column-has-shadow fusion-flex-justify-content-flex-start fusion-content-layout-column\"><div class=\"fusion-title title fusion-title-3 fusion-sep-none fusion-title-center fusion-title-text fusion-title-size-three\" style=\"--awb-text-color:#000000;--awb-margin-top:30px;--awb-margin-bottom:30px;--awb-font-size:32px;\"><h3 class=\"fusion-title-heading title-heading-center fusion-responsive-typography-calculated\" style=\"margin:0;font-size:1em;--fontSize:32;line-height:1.3;\">En el coraz\u00f3n de una regi\u00f3n repleta de tradiciones art\u00edsticas y de culto<\/h3><\/div><div class=\"fusion-text fusion-text-4 fusion-text-no-margin\" style=\"--awb-content-alignment:left;--awb-margin-bottom:30px;\"><p style=\"text-align: center;\">Estamos en Loreto, uno de los lugares de culto mariano y de la cristiandad m\u00e1s conocidos del mundo.<br \/>\nAqu\u00ed la atm\u00f3sfera sagrada que se crea alrededor del santuario de la Santa Casa impregna toda la ciudad y la vida de sus habitantes y peregrinos. Nuestra empresa no pod\u00eda evitar sumergirse en esta atm\u00f3sfera fascinante y misteriosa tanto en los valores b\u00e1sicos de los procesos de creaci\u00f3n como en las relaciones entre las personas. Un gran respeto por las tradiciones y la artesan\u00eda que se refleja en la producci\u00f3n y que siempre ha sido para nosotros motivo de orgullo.<\/p>\n<\/div><\/div><\/div><\/div><\/div><div class=\"fusion-fullwidth fullwidth-box fusion-builder-row-2 fusion-flex-container hundred-percent-fullwidth non-hundred-percent-height-scrolling\" style=\"--awb-border-radius-top-left:0px;--awb-border-radius-top-right:0px;--awb-border-radius-bottom-right:0px;--awb-border-radius-bottom-left:0px;--awb-margin-bottom:60px;--awb-flex-wrap:wrap;\" ><div class=\"fusion-builder-row fusion-row fusion-flex-align-items-flex-start fusion-flex-content-wrap\" style=\"width:104% !important;max-width:104% !important;margin-left: calc(-4% \/ 2 );margin-right: calc(-4% \/ 2 );\"><div class=\"fusion-layout-column fusion_builder_column fusion-builder-column-4 fusion_builder_column_1_1 1_1 fusion-flex-column\" style=\"--awb-bg-size:cover;--awb-width-large:100%;--awb-margin-top-large:0px;--awb-spacing-right-large:1.92%;--awb-margin-bottom-large:0px;--awb-spacing-left-large:1.92%;--awb-width-medium:100%;--awb-order-medium:0;--awb-spacing-right-medium:1.92%;--awb-spacing-left-medium:1.92%;--awb-width-small:100%;--awb-order-small:0;--awb-spacing-right-small:1.92%;--awb-spacing-left-small:1.92%;\"><div class=\"fusion-column-wrapper fusion-column-has-shadow fusion-flex-justify-content-flex-start fusion-content-layout-column\"><div class=\"fusion-title title fusion-title-4 fusion-sep-none fusion-title-center fusion-title-text fusion-title-size-three\" style=\"--awb-text-color:#000000;--awb-margin-top:30px;--awb-margin-bottom:0px;--awb-font-size:36px;\"><h3 class=\"fusion-title-heading title-heading-center fusion-responsive-typography-calculated\" style=\"margin:0;font-size:1em;--fontSize:36;line-height:1.3;\">Nuestros n\u00fameros<\/h3><\/div><div class=\"fusion-text fusion-text-5\"><p style=\"text-align: center;\">N\u00fameros que hablan de una larga tradici\u00f3n de d\u00e9cadas<\/p>\n<\/div><\/div><\/div><div class=\"fusion-layout-column fusion_builder_column fusion-builder-column-5 fusion_builder_column_1_1 1_1 fusion-flex-column\" style=\"--awb-bg-size:cover;--awb-width-large:100%;--awb-margin-top-large:0px;--awb-spacing-right-large:1.92%;--awb-margin-bottom-large:20px;--awb-spacing-left-large:1.92%;--awb-width-medium:100%;--awb-order-medium:0;--awb-spacing-right-medium:1.92%;--awb-spacing-left-medium:1.92%;--awb-width-small:100%;--awb-order-small:0;--awb-spacing-right-small:1.92%;--awb-spacing-left-small:1.92%;\"><div class=\"fusion-column-wrapper fusion-column-has-shadow fusion-flex-justify-content-flex-start fusion-content-layout-column\"><div class=\"fusion-counters-box counters-box row fusion-clearfix fusion-columns-5 dg-counter\" style=\"--awb-body-color:#000000;--awb-body-size:20;--awb-title-size:72;\"><div class=\"fusion-counter-box fusion-column col-counter-box counter-box-wrapper col-lg-2 col-md-2 col-sm-2\" data-animationOffset=\"top-into-view\"><div class=\"counter-box-container\"><div class=\"content-box-percentage content-box-counter\"><span class=\"display-counter\" data-value=\"50\" data-direction=\"up\" data-decimals=\"0\">0<\/span><\/div><div class=\"counter-box-content\">A\u00f1os de actividad<\/div><\/div><\/div><div class=\"fusion-counter-box fusion-column col-counter-box counter-box-wrapper col-lg-2 col-md-2 col-sm-2\" data-animationOffset=\"top-into-view\"><div class=\"counter-box-container\"><div class=\"content-box-percentage content-box-counter\"><span class=\"unit\">+<\/span><span class=\"display-counter\" data-value=\"50\" data-direction=\"up\" data-decimals=\"0\">0<\/span><\/div><div class=\"counter-box-content\">Pa\u00edses a los que distribuimos<\/div><\/div><\/div><div class=\"fusion-counter-box fusion-column col-counter-box counter-box-wrapper col-lg-2 col-md-2 col-sm-2\" data-animationOffset=\"top-into-view\"><div class=\"counter-box-container\"><div class=\"content-box-percentage content-box-counter\"><span class=\"unit\">+<\/span><span class=\"display-counter\" data-value=\"80000\" data-direction=\"up\" data-decimals=\"0\">0<\/span><\/div><div class=\"counter-box-content\">Kg de zamak utilizados cada a\u00f1o<\/div><\/div><\/div><div class=\"fusion-counter-box fusion-column col-counter-box counter-box-wrapper col-lg-2 col-md-2 col-sm-2\" data-animationOffset=\"top-into-view\"><div class=\"counter-box-container\"><div class=\"content-box-percentage content-box-counter\"><span class=\"unit\">+<\/span><span class=\"display-counter\" data-value=\"+150\" data-direction=\"up\" data-decimals=\"0\">0<\/span><\/div><div class=\"counter-box-content\">Kg de plata utilizados cada a\u00f1o<\/div><\/div><\/div><div class=\"fusion-counter-box fusion-column col-counter-box counter-box-wrapper col-lg-2 col-md-2 col-sm-2\" data-animationOffset=\"top-into-view\"><div class=\"counter-box-container\"><div class=\"content-box-percentage content-box-counter\"><span class=\"unit\">+<\/span><span class=\"display-counter\" data-value=\"5600\" data-direction=\"up\" data-decimals=\"0\">0<\/span><\/div><div class=\"counter-box-content\">Moldes realizados<\/div><\/div><\/div><\/div><\/div><\/div><\/div><\/div>\n<div class=\"fusion-fullwidth fullwidth-box fusion-builder-row-3 fusion-flex-container nonhundred-percent-fullwidth non-hundred-percent-height-scrolling\" style=\"--awb-border-radius-top-left:0px;--awb-border-radius-top-right:0px;--awb-border-radius-bottom-right:0px;--awb-border-radius-bottom-left:0px;--awb-flex-wrap:wrap;\" ><div class=\"fusion-builder-row fusion-row fusion-flex-align-items-flex-start fusion-flex-content-wrap\" style=\"max-width:1248px;margin-left: calc(-4% \/ 2 );margin-right: calc(-4% \/ 2 );\"><div class=\"fusion-layout-column fusion_builder_column fusion-builder-column-6 fusion_builder_column_1_2 1_2 fusion-flex-column\" style=\"--awb-bg-size:cover;--awb-width-large:50%;--awb-margin-top-large:0px;--awb-spacing-right-large:3.84%;--awb-margin-bottom-large:20px;--awb-spacing-left-large:3.84%;--awb-width-medium:50%;--awb-order-medium:0;--awb-spacing-right-medium:3.84%;--awb-spacing-left-medium:3.84%;--awb-width-small:100%;--awb-order-small:0;--awb-spacing-right-small:1.92%;--awb-spacing-left-small:1.92%;\"><div class=\"fusion-column-wrapper fusion-column-has-shadow fusion-flex-justify-content-flex-start fusion-content-layout-column\"><div class=\"fusion-title title fusion-title-5 fusion-sep-none fusion-title-center fusion-title-text fusion-title-size-three\" style=\"--awb-text-color:#000000;--awb-margin-top:30px;--awb-margin-bottom:30px;--awb-font-size:32px;\"><h3 class=\"fusion-title-heading title-heading-center fusion-responsive-typography-calculated\" style=\"margin:0;font-size:1em;--fontSize:32;line-height:1.3;\">Artesan\u00eda Made in Italy<\/h3><\/div><div class=\"fusion-video fusion-youtube\" style=\"--awb-max-width:550px;--awb-max-height:310px;--awb-align-self:center;--awb-width:100%;\"><div class=\"video-shortcode\"><div class=\"fluid-width-video-wrapper\" style=\"padding-top:56.36%;\" ><iframe title=\"YouTube video player 1\" src=\"https:\/\/www.youtube.com\/embed\/-kFKlt8F9i8?wmode=transparent&autoplay=0&amp;rel=0\" width=\"550\" height=\"310\" allowfullscreen allow=\"autoplay; clipboard-write; encrypted-media; gyroscope; picture-in-picture;\"><\/iframe><\/div><\/div><\/div><\/div><\/div><div class=\"fusion-layout-column fusion_builder_column fusion-builder-column-7 fusion_builder_column_1_2 1_2 fusion-flex-column\" style=\"--awb-bg-size:cover;--awb-width-large:50%;--awb-margin-top-large:0px;--awb-spacing-right-large:3.84%;--awb-margin-bottom-large:20px;--awb-spacing-left-large:3.84%;--awb-width-medium:50%;--awb-order-medium:0;--awb-spacing-right-medium:3.84%;--awb-spacing-left-medium:3.84%;--awb-width-small:100%;--awb-order-small:0;--awb-spacing-right-small:1.92%;--awb-spacing-left-small:1.92%;\"><div class=\"fusion-column-wrapper fusion-column-has-shadow fusion-flex-justify-content-flex-start fusion-content-layout-column\"><div class=\"fusion-title title fusion-title-6 fusion-sep-none fusion-title-center fusion-title-text fusion-title-size-three\" style=\"--awb-text-color:#000000;--awb-margin-top:30px;--awb-margin-bottom:30px;--awb-font-size:32px;\"><h3 class=\"fusion-title-heading title-heading-center fusion-responsive-typography-calculated\" style=\"margin:0;font-size:1em;--fontSize:32;line-height:1.3;\">Maquinaria<\/h3><\/div><div class=\"fusion-video fusion-youtube\" style=\"--awb-max-width:550px;--awb-max-height:310px;--awb-align-self:center;--awb-width:100%;\"><div class=\"video-shortcode\"><div class=\"fluid-width-video-wrapper\" style=\"padding-top:56.36%;\" ><iframe title=\"YouTube video player 2\" src=\"https:\/\/www.youtube.com\/embed\/Toqe6bxgt6c?wmode=transparent&autoplay=0&amp;rel=0\" width=\"550\" height=\"310\" allowfullscreen allow=\"autoplay; clipboard-write; encrypted-media; gyroscope; picture-in-picture;\"><\/iframe><\/div><\/div><\/div><\/div><\/div><\/div><\/div><\/p>\n","protected":false},"excerpt":{"rendered":"","protected":false},"author":1,"featured_media":0,"parent":0,"menu_order":0,"comment_status":"closed","ping_status":"closed","template":"100-width.php","meta":{"footnotes":""},"class_list":["post-15767","page","type-page","status-publish","hentry"],"yoast_head":"<!-- This site is optimized with the Yoast SEO plugin v26.2 - https:\/\/yoast.com\/wordpress\/plugins\/seo\/ -->\n<title>La Empresa - ASA Linea<\/title>\n<meta name=\"robots\" content=\"index, follow, max-snippet:-1, max-image-preview:large, max-video-preview:-1\" \/>\n<link rel=\"canonical\" href=\"https:\/\/www.asalinea.com\/es\/empresa\/\" \/>\n<meta property=\"og:locale\" content=\"es_ES\" \/>\n<meta property=\"og:type\" content=\"article\" \/>\n<meta property=\"og:title\" content=\"La Empresa - ASA Linea\" \/>\n<meta property=\"og:url\" content=\"https:\/\/www.asalinea.com\/es\/empresa\/\" \/>\n<meta property=\"og:site_name\" content=\"ASA Linea\" \/>\n<meta property=\"article:modified_time\" content=\"2021-12-15T11:20:36+00:00\" \/>\n<meta name=\"twitter:card\" content=\"summary_large_image\" \/>\n<meta name=\"twitter:label1\" content=\"Tiempo de lectura\" \/>\n\t<meta name=\"twitter:data1\" content=\"10 minutos\" \/>\n<script type=\"application\/ld+json\" class=\"yoast-schema-graph\">{\"@context\":\"https:\/\/schema.org\",\"@graph\":[{\"@type\":\"WebPage\",\"@id\":\"https:\/\/www.asalinea.com\/es\/empresa\/\",\"url\":\"https:\/\/www.asalinea.com\/es\/empresa\/\",\"name\":\"La Empresa - ASA Linea\",\"isPartOf\":{\"@id\":\"https:\/\/www.asalinea.com\/es\/#website\"},\"datePublished\":\"2021-06-22T11:36:13+00:00\",\"dateModified\":\"2021-12-15T11:20:36+00:00\",\"breadcrumb\":{\"@id\":\"https:\/\/www.asalinea.com\/es\/empresa\/#breadcrumb\"},\"inLanguage\":\"es\",\"potentialAction\":[{\"@type\":\"ReadAction\",\"target\":[\"https:\/\/www.asalinea.com\/es\/empresa\/\"]}]},{\"@type\":\"BreadcrumbList\",\"@id\":\"https:\/\/www.asalinea.com\/es\/empresa\/#breadcrumb\",\"itemListElement\":[{\"@type\":\"ListItem\",\"position\":1,\"name\":\"Home\",\"item\":\"https:\/\/www.asalinea.com\/es\/\"},{\"@type\":\"ListItem\",\"position\":2,\"name\":\"La Empresa\"}]},{\"@type\":\"WebSite\",\"@id\":\"https:\/\/www.asalinea.com\/es\/#website\",\"url\":\"https:\/\/www.asalinea.com\/es\/\",\"name\":\"ASA Linea\",\"description\":\"Protagonisti dello Stile - Argento Loreto\",\"publisher\":{\"@id\":\"https:\/\/www.asalinea.com\/es\/#organization\"},\"potentialAction\":[{\"@type\":\"SearchAction\",\"target\":{\"@type\":\"EntryPoint\",\"urlTemplate\":\"https:\/\/www.asalinea.com\/es\/?s={search_term_string}\"},\"query-input\":{\"@type\":\"PropertyValueSpecification\",\"valueRequired\":true,\"valueName\":\"search_term_string\"}}],\"inLanguage\":\"es\"},{\"@type\":\"Organization\",\"@id\":\"https:\/\/www.asalinea.com\/es\/#organization\",\"name\":\"ASA Linea\",\"url\":\"https:\/\/www.asalinea.com\/es\/\",\"logo\":{\"@type\":\"ImageObject\",\"inLanguage\":\"es\",\"@id\":\"https:\/\/www.asalinea.com\/es\/#\/schema\/logo\/image\/\",\"url\":\"https:\/\/cdn.asalinea.com\/wp-content\/uploads\/2021\/06\/Logo-ASA-Linea_x2.png?strip=all&lossy=1&ssl=1\",\"contentUrl\":\"https:\/\/cdn.asalinea.com\/wp-content\/uploads\/2021\/06\/Logo-ASA-Linea_x2.png?strip=all&lossy=1&ssl=1\",\"width\":262,\"height\":136,\"caption\":\"ASA Linea\"},\"image\":{\"@id\":\"https:\/\/www.asalinea.com\/es\/#\/schema\/logo\/image\/\"}}]}<\/script>\n<!-- \/ Yoast SEO plugin. -->","yoast_head_json":{"title":"La Empresa - ASA Linea","robots":{"index":"index","follow":"follow","max-snippet":"max-snippet:-1","max-image-preview":"max-image-preview:large","max-video-preview":"max-video-preview:-1"},"canonical":"https:\/\/www.asalinea.com\/es\/empresa\/","og_locale":"es_ES","og_type":"article","og_title":"La Empresa - ASA Linea","og_url":"https:\/\/www.asalinea.com\/es\/empresa\/","og_site_name":"ASA Linea","article_modified_time":"2021-12-15T11:20:36+00:00","twitter_card":"summary_large_image","twitter_misc":{"Tiempo de lectura":"10 minutos"},"schema":{"@context":"https:\/\/schema.org","@graph":[{"@type":"WebPage","@id":"https:\/\/www.asalinea.com\/es\/empresa\/","url":"https:\/\/www.asalinea.com\/es\/empresa\/","name":"La Empresa - ASA Linea","isPartOf":{"@id":"https:\/\/www.asalinea.com\/es\/#website"},"datePublished":"2021-06-22T11:36:13+00:00","dateModified":"2021-12-15T11:20:36+00:00","breadcrumb":{"@id":"https:\/\/www.asalinea.com\/es\/empresa\/#breadcrumb"},"inLanguage":"es","potentialAction":[{"@type":"ReadAction","target":["https:\/\/www.asalinea.com\/es\/empresa\/"]}]},{"@type":"BreadcrumbList","@id":"https:\/\/www.asalinea.com\/es\/empresa\/#breadcrumb","itemListElement":[{"@type":"ListItem","position":1,"name":"Home","item":"https:\/\/www.asalinea.com\/es\/"},{"@type":"ListItem","position":2,"name":"La Empresa"}]},{"@type":"WebSite","@id":"https:\/\/www.asalinea.com\/es\/#website","url":"https:\/\/www.asalinea.com\/es\/","name":"ASA Linea","description":"Protagonisti dello Stile - Argento Loreto","publisher":{"@id":"https:\/\/www.asalinea.com\/es\/#organization"},"potentialAction":[{"@type":"SearchAction","target":{"@type":"EntryPoint","urlTemplate":"https:\/\/www.asalinea.com\/es\/?s={search_term_string}"},"query-input":{"@type":"PropertyValueSpecification","valueRequired":true,"valueName":"search_term_string"}}],"inLanguage":"es"},{"@type":"Organization","@id":"https:\/\/www.asalinea.com\/es\/#organization","name":"ASA Linea","url":"https:\/\/www.asalinea.com\/es\/","logo":{"@type":"ImageObject","inLanguage":"es","@id":"https:\/\/www.asalinea.com\/es\/#\/schema\/logo\/image\/","url":"https:\/\/cdn.asalinea.com\/wp-content\/uploads\/2021\/06\/Logo-ASA-Linea_x2.png?strip=all&lossy=1&ssl=1","contentUrl":"https:\/\/cdn.asalinea.com\/wp-content\/uploads\/2021\/06\/Logo-ASA-Linea_x2.png?strip=all&lossy=1&ssl=1","width":262,"height":136,"caption":"ASA Linea"},"image":{"@id":"https:\/\/www.asalinea.com\/es\/#\/schema\/logo\/image\/"}}]}},"_links":{"self":[{"href":"https:\/\/www.asalinea.com\/es\/wp-json\/wp\/v2\/pages\/15767","targetHints":{"allow":["GET"]}}],"collection":[{"href":"https:\/\/www.asalinea.com\/es\/wp-json\/wp\/v2\/pages"}],"about":[{"href":"https:\/\/www.asalinea.com\/es\/wp-json\/wp\/v2\/types\/page"}],"author":[{"embeddable":true,"href":"https:\/\/www.asalinea.com\/es\/wp-json\/wp\/v2\/users\/1"}],"replies":[{"embeddable":true,"href":"https:\/\/www.asalinea.com\/es\/wp-json\/wp\/v2\/comments?post=15767"}],"version-history":[{"count":6,"href":"https:\/\/www.asalinea.com\/es\/wp-json\/wp\/v2\/pages\/15767\/revisions"}],"predecessor-version":[{"id":15773,"href":"https:\/\/www.asalinea.com\/es\/wp-json\/wp\/v2\/pages\/15767\/revisions\/15773"}],"wp:attachment":[{"href":"https:\/\/www.asalinea.com\/es\/wp-json\/wp\/v2\/media?parent=15767"}],"curies":[{"name":"wp","href":"https:\/\/api.w.org\/{rel}","templated":true}]}}