{"id":33274,"date":"2025-12-18T11:19:49","date_gmt":"2025-12-18T10:19:49","guid":{"rendered":"https:\/\/www.asalinea.com\/richiedi-preventivo\/"},"modified":"2025-12-18T12:23:16","modified_gmt":"2025-12-18T11:23:16","slug":"pedir-presupuesto","status":"publish","type":"page","link":"https:\/\/www.asalinea.com\/es\/pedir-presupuesto\/","title":{"rendered":"Pedir Presupuesto"},"content":{"rendered":"\n<div class=\"woocommerce ywraq-wrapper ywraq-empty\">\n\t\t\t<div id=\"yith-ywraq-message\"><div class=\"ywraq-question-message\">\n\t<\/div>\n<\/div>\n\t\t\n\t\t\t\t<div class=\"ywraq-form-table-wrapper vertical\">\n\t\t\t<div class=\"ywraq-before-form\">\n\t<p class=\"ywraq_list_empty_message\">Tu lista est\u00e1 vac\u00eda, a\u00f1ade productos a la lista para enviar una solicitud<p><p class=\"return-to-shop\"><a class=\"button wc-backward\" href=\"https:\/\/www.asalinea.com\/es\/catalogo-es\/\">Torna al negozio<\/a><\/p><\/div>\n\t\t\t\t\t<\/div>\n\t<\/div>\n\n","protected":false},"excerpt":{"rendered":"","protected":false},"author":1,"featured_media":0,"parent":0,"menu_order":0,"comment_status":"closed","ping_status":"closed","template":"","meta":{"footnotes":""},"class_list":["post-33274","page","type-page","status-publish","hentry"],"yoast_head":"<!-- This site is optimized with the Yoast SEO plugin v26.2 - https:\/\/yoast.com\/wordpress\/plugins\/seo\/ -->\n<title>Pedir Presupuesto - ASA Linea<\/title>\n<meta name=\"robots\" content=\"index, follow, max-snippet:-1, max-image-preview:large, max-video-preview:-1\" \/>\n<link rel=\"canonical\" href=\"https:\/\/www.asalinea.com\/es\/pedir-presupuesto\/\" \/>\n<meta property=\"og:locale\" content=\"es_ES\" \/>\n<meta property=\"og:type\" content=\"article\" \/>\n<meta property=\"og:title\" content=\"Pedir Presupuesto - ASA Linea\" \/>\n<meta property=\"og:url\" content=\"https:\/\/www.asalinea.com\/es\/pedir-presupuesto\/\" \/>\n<meta property=\"og:site_name\" content=\"ASA Linea\" \/>\n<meta property=\"article:modified_time\" content=\"2025-12-18T11:23:16+00:00\" \/>\n<meta name=\"twitter:card\" content=\"summary_large_image\" \/>\n<meta name=\"twitter:label1\" content=\"Tiempo de lectura\" \/>\n\t<meta name=\"twitter:data1\" content=\"1 minuto\" \/>\n<script type=\"application\/ld+json\" class=\"yoast-schema-graph\">{\"@context\":\"https:\/\/schema.org\",\"@graph\":[{\"@type\":\"WebPage\",\"@id\":\"https:\/\/www.asalinea.com\/es\/pedir-presupuesto\/\",\"url\":\"https:\/\/www.asalinea.com\/es\/pedir-presupuesto\/\",\"name\":\"Pedir Presupuesto - ASA Linea\",\"isPartOf\":{\"@id\":\"https:\/\/www.asalinea.com\/es\/#website\"},\"datePublished\":\"2025-12-18T10:19:49+00:00\",\"dateModified\":\"2025-12-18T11:23:16+00:00\",\"breadcrumb\":{\"@id\":\"https:\/\/www.asalinea.com\/es\/pedir-presupuesto\/#breadcrumb\"},\"inLanguage\":\"es\",\"potentialAction\":[{\"@type\":\"ReadAction\",\"target\":[\"https:\/\/www.asalinea.com\/es\/pedir-presupuesto\/\"]}]},{\"@type\":\"BreadcrumbList\",\"@id\":\"https:\/\/www.asalinea.com\/es\/pedir-presupuesto\/#breadcrumb\",\"itemListElement\":[{\"@type\":\"ListItem\",\"position\":1,\"name\":\"Home\",\"item\":\"https:\/\/www.asalinea.com\/es\/\"},{\"@type\":\"ListItem\",\"position\":2,\"name\":\"Pedir Presupuesto\"}]},{\"@type\":\"WebSite\",\"@id\":\"https:\/\/www.asalinea.com\/es\/#website\",\"url\":\"https:\/\/www.asalinea.com\/es\/\",\"name\":\"ASA Linea\",\"description\":\"Protagonisti dello Stile - Argento Loreto\",\"publisher\":{\"@id\":\"https:\/\/www.asalinea.com\/es\/#organization\"},\"potentialAction\":[{\"@type\":\"SearchAction\",\"target\":{\"@type\":\"EntryPoint\",\"urlTemplate\":\"https:\/\/www.asalinea.com\/es\/?s={search_term_string}\"},\"query-input\":{\"@type\":\"PropertyValueSpecification\",\"valueRequired\":true,\"valueName\":\"search_term_string\"}}],\"inLanguage\":\"es\"},{\"@type\":\"Organization\",\"@id\":\"https:\/\/www.asalinea.com\/es\/#organization\",\"name\":\"ASA Linea\",\"url\":\"https:\/\/www.asalinea.com\/es\/\",\"logo\":{\"@type\":\"ImageObject\",\"inLanguage\":\"es\",\"@id\":\"https:\/\/www.asalinea.com\/es\/#\/schema\/logo\/image\/\",\"url\":\"https:\/\/cdn.asalinea.com\/wp-content\/uploads\/2021\/06\/Logo-ASA-Linea_x2.png?strip=all&lossy=1&ssl=1\",\"contentUrl\":\"https:\/\/cdn.asalinea.com\/wp-content\/uploads\/2021\/06\/Logo-ASA-Linea_x2.png?strip=all&lossy=1&ssl=1\",\"width\":262,\"height\":136,\"caption\":\"ASA Linea\"},\"image\":{\"@id\":\"https:\/\/www.asalinea.com\/es\/#\/schema\/logo\/image\/\"}}]}<\/script>\n<!-- \/ Yoast SEO plugin. -->","yoast_head_json":{"title":"Pedir Presupuesto - ASA Linea","robots":{"index":"index","follow":"follow","max-snippet":"max-snippet:-1","max-image-preview":"max-image-preview:large","max-video-preview":"max-video-preview:-1"},"canonical":"https:\/\/www.asalinea.com\/es\/pedir-presupuesto\/","og_locale":"es_ES","og_type":"article","og_title":"Pedir Presupuesto - ASA Linea","og_url":"https:\/\/www.asalinea.com\/es\/pedir-presupuesto\/","og_site_name":"ASA Linea","article_modified_time":"2025-12-18T11:23:16+00:00","twitter_card":"summary_large_image","twitter_misc":{"Tiempo de lectura":"1 minuto"},"schema":{"@context":"https:\/\/schema.org","@graph":[{"@type":"WebPage","@id":"https:\/\/www.asalinea.com\/es\/pedir-presupuesto\/","url":"https:\/\/www.asalinea.com\/es\/pedir-presupuesto\/","name":"Pedir Presupuesto - ASA Linea","isPartOf":{"@id":"https:\/\/www.asalinea.com\/es\/#website"},"datePublished":"2025-12-18T10:19:49+00:00","dateModified":"2025-12-18T11:23:16+00:00","breadcrumb":{"@id":"https:\/\/www.asalinea.com\/es\/pedir-presupuesto\/#breadcrumb"},"inLanguage":"es","potentialAction":[{"@type":"ReadAction","target":["https:\/\/www.asalinea.com\/es\/pedir-presupuesto\/"]}]},{"@type":"BreadcrumbList","@id":"https:\/\/www.asalinea.com\/es\/pedir-presupuesto\/#breadcrumb","itemListElement":[{"@type":"ListItem","position":1,"name":"Home","item":"https:\/\/www.asalinea.com\/es\/"},{"@type":"ListItem","position":2,"name":"Pedir Presupuesto"}]},{"@type":"WebSite","@id":"https:\/\/www.asalinea.com\/es\/#website","url":"https:\/\/www.asalinea.com\/es\/","name":"ASA Linea","description":"Protagonisti dello Stile - Argento Loreto","publisher":{"@id":"https:\/\/www.asalinea.com\/es\/#organization"},"potentialAction":[{"@type":"SearchAction","target":{"@type":"EntryPoint","urlTemplate":"https:\/\/www.asalinea.com\/es\/?s={search_term_string}"},"query-input":{"@type":"PropertyValueSpecification","valueRequired":true,"valueName":"search_term_string"}}],"inLanguage":"es"},{"@type":"Organization","@id":"https:\/\/www.asalinea.com\/es\/#organization","name":"ASA Linea","url":"https:\/\/www.asalinea.com\/es\/","logo":{"@type":"ImageObject","inLanguage":"es","@id":"https:\/\/www.asalinea.com\/es\/#\/schema\/logo\/image\/","url":"https:\/\/cdn.asalinea.com\/wp-content\/uploads\/2021\/06\/Logo-ASA-Linea_x2.png?strip=all&lossy=1&ssl=1","contentUrl":"https:\/\/cdn.asalinea.com\/wp-content\/uploads\/2021\/06\/Logo-ASA-Linea_x2.png?strip=all&lossy=1&ssl=1","width":262,"height":136,"caption":"ASA Linea"},"image":{"@id":"https:\/\/www.asalinea.com\/es\/#\/schema\/logo\/image\/"}}]}},"_links":{"self":[{"href":"https:\/\/www.asalinea.com\/es\/wp-json\/wp\/v2\/pages\/33274","targetHints":{"allow":["GET"]}}],"collection":[{"href":"https:\/\/www.asalinea.com\/es\/wp-json\/wp\/v2\/pages"}],"about":[{"href":"https:\/\/www.asalinea.com\/es\/wp-json\/wp\/v2\/types\/page"}],"author":[{"embeddable":true,"href":"https:\/\/www.asalinea.com\/es\/wp-json\/wp\/v2\/users\/1"}],"replies":[{"embeddable":true,"href":"https:\/\/www.asalinea.com\/es\/wp-json\/wp\/v2\/comments?post=33274"}],"version-history":[{"count":1,"href":"https:\/\/www.asalinea.com\/es\/wp-json\/wp\/v2\/pages\/33274\/revisions"}],"predecessor-version":[{"id":33276,"href":"https:\/\/www.asalinea.com\/es\/wp-json\/wp\/v2\/pages\/33274\/revisions\/33276"}],"wp:attachment":[{"href":"https:\/\/www.asalinea.com\/es\/wp-json\/wp\/v2\/media?parent=33274"}],"curies":[{"name":"wp","href":"https:\/\/api.w.org\/{rel}","templated":true}]}}